{"id":757,"date":"2022-05-02T12:01:07","date_gmt":"2022-05-02T12:01:07","guid":{"rendered":"https:\/\/duospalifecare.com\/index.php\/home-2\/"},"modified":"2024-07-23T20:23:05","modified_gmt":"2024-07-23T20:23:05","slug":"home-2","status":"publish","type":"page","link":"https:\/\/duospalifecare.com\/","title":{"rendered":"Home"},"content":{"rendered":"\n<div data-aos= \"fade\" data-aos-duration=\"400\" data-aos-delay=\"0\" data-aos-easing=\"ease\" data-aos-once=\"true\" class=\"wp-block-uagb-container uagb-block-48bd536c alignfull uagb-is-root-container\"><div class=\"uagb-container-inner-blocks-wrap\">\n<div class=\"wp-block-uagb-container uagb-block-d1f191fb\">\n<h1 class=\"wp-block-heading has-text-align-center has-theme-palette-9-color has-text-color has-link-color wp-elements-56133816c32aee330a4d015b2bed205a\" style=\"font-size:7.5em;font-style:normal;font-weight:200;text-transform:capitalize\">Escape to Tranquility at Duo Spa &amp; Life Care<\/h1>\n<\/div>\n<\/div><\/div>\n\n\n\n<div class=\"wp-block-uagb-separator uagb-block-210bf075\"><div class=\"wp-block-uagb-separator__inner\" style=\"--my-background-image:\"><\/div><\/div>\n\n\n<style>.kadence-column757_67ba7a-9b > .kt-inside-inner-col,.kadence-column757_67ba7a-9b > .kt-inside-inner-col:before{border-top-left-radius:0px;border-top-right-radius:0px;border-bottom-right-radius:0px;border-bottom-left-radius:0px;}.kadence-column757_67ba7a-9b > .kt-inside-inner-col:before{opacity:0.3;}.kadence-column757_67ba7a-9b{position:relative;}<\/style>\n<div class=\"wp-block-kadence-column kadence-column757_67ba7a-9b\"><div class=\"kt-inside-inner-col\"><style>.kadence-column757_849d2c-f0 > .kt-inside-inner-col,.kadence-column757_849d2c-f0 > .kt-inside-inner-col:before{border-top-left-radius:0px;border-top-right-radius:0px;border-bottom-right-radius:0px;border-bottom-left-radius:0px;}.kadence-column757_849d2c-f0 > .kt-inside-inner-col:before{opacity:0.3;}.kadence-column757_849d2c-f0{position:relative;}<\/style>\n<div class=\"wp-block-kadence-column kadence-column757_849d2c-f0\"><div class=\"kt-inside-inner-col\">\t\t<div id=\"instagram-gallery-feed-0\" class=\"instagram-gallery-feed\" data-feed=\"{&quot;id&quot;:0,&quot;account_id&quot;:&quot;7896173847130260&quot;,&quot;source&quot;:&quot;username&quot;,&quot;tag&quot;:&quot;wordpress&quot;,&quot;order_by&quot;:&quot;top_media&quot;,&quot;layout&quot;:&quot;carousel&quot;,&quot;limit&quot;:12,&quot;columns&quot;:3,&quot;lazy&quot;:false,&quot;spacing&quot;:10,&quot;highlight&quot;:{&quot;tag&quot;:&quot;&quot;,&quot;id&quot;:&quot;&quot;,&quot;position&quot;:&quot;1,3,5&quot;},&quot;reel&quot;:{&quot;hide&quot;:false},&quot;copyright&quot;:{&quot;hide&quot;:false,&quot;placeholder&quot;:&quot;&quot;},&quot;profile&quot;:{&quot;display&quot;:false,&quot;auto&quot;:false,&quot;username&quot;:&quot;&quot;,&quot;nickname&quot;:&quot;&quot;,&quot;website&quot;:&quot;&quot;,&quot;biography&quot;:&quot;&quot;,&quot;link_text&quot;:&quot;Follow&quot;,&quot;website_text&quot;:&quot;Website&quot;,&quot;avatar&quot;:&quot;&quot;},&quot;box&quot;:{&quot;display&quot;:false,&quot;padding&quot;:1,&quot;radius&quot;:0,&quot;background&quot;:&quot;#fefefe&quot;,&quot;profile&quot;:false,&quot;desc&quot;:&quot;&quot;,&quot;text_color&quot;:&quot;#000000&quot;},&quot;mask&quot;:{&quot;display&quot;:true,&quot;background&quot;:&quot;#000000&quot;,&quot;likes_count&quot;:true,&quot;comments_count&quot;:true},&quot;card&quot;:{&quot;display&quot;:false,&quot;radius&quot;:1,&quot;font_size&quot;:12,&quot;background&quot;:&quot;#ffffff&quot;,&quot;background_hover&quot;:&quot;#ffffff&quot;,&quot;text_color&quot;:&quot;#000000&quot;,&quot;padding&quot;:5,&quot;likes_count&quot;:true,&quot;text_length&quot;:10,&quot;comments_count&quot;:true,&quot;text_align&quot;:&quot;left&quot;},&quot;carousel&quot;:{&quot;slidespv&quot;:5,&quot;centered_slides&quot;:false,&quot;autoplay&quot;:false,&quot;autoplay_interval&quot;:3000,&quot;navarrows&quot;:true,&quot;navarrows_color&quot;:&quot;&quot;,&quot;pagination&quot;:true,&quot;pagination_color&quot;:&quot;&quot;},&quot;modal&quot;:{&quot;display&quot;:true,&quot;profile&quot;:true,&quot;media_description&quot;:true,&quot;likes_count&quot;:true,&quot;comments_count&quot;:true,&quot;text_align&quot;:&quot;left&quot;,&quot;modal_align&quot;:&quot;right&quot;,&quot;text_length&quot;:10000,&quot;font_size&quot;:12},&quot;button&quot;:{&quot;display&quot;:true,&quot;text&quot;:&quot;View on Instagram&quot;,&quot;text_color&quot;:&quot;#ffff&quot;,&quot;background&quot;:&quot;&quot;,&quot;background_hover&quot;:&quot;&quot;},&quot;button_load&quot;:{&quot;display&quot;:false,&quot;text&quot;:&quot;Load more...&quot;,&quot;text_color&quot;:&quot;#ffff&quot;,&quot;background&quot;:&quot;&quot;,&quot;background_hover&quot;:&quot;&quot;}}\">\n\t\t<!-- <FeedContainer\/> -->\n\t\t<\/div>\n\t\t\n<\/div><\/div>\n<\/div><\/div>\n\n\n\n<div class=\"wp-block-uagb-separator uagb-block-15553a2d\"><div class=\"wp-block-uagb-separator__inner\" style=\"--my-background-image:\"><\/div><\/div>\n\n\n\n<div data-aos= \"fade-up\" data-aos-duration=\"400\" data-aos-delay=\"0\" data-aos-easing=\"ease\" data-aos-once=\"true\" class=\"wp-block-uagb-container uagb-block-594516cf alignfull uagb-is-root-container\"><div class=\"uagb-container-inner-blocks-wrap\">\n<h4 class=\"wp-block-heading has-text-align-center has-theme-palette-2-color has-text-color has-link-color wp-elements-fe431acf77bb81070c017ef3d5062e57\" style=\"font-size:38px;line-height:1.4\">Duo Spa &amp; Life Care, inserido no m\u00e1gico aldeamento de 4****<br>o Cegonha Country Club.<\/h4>\n\n\n\n<div class=\"wp-block-columns is-layout-flex wp-container-core-columns-is-layout-9d6595d7 wp-block-columns-is-layout-flex\">\n<div class=\"wp-block-column is-layout-flow wp-block-column-is-layout-flow\">\n<p>Localizado numa \u00e1rea tranquila e verde de Vilamoura, o Cegonha Country Club \u00e9 um hotel encantador com uma piscina exterior, bar e restaurante, parque infantil, campo de t\u00e9nis e spa.<br><br>Fica situado junto ao Parque ambiental, do Centro H\u00edpico de Vilamoura, dos campos de Golf, da esplendorosa Marina e belas praias envolventes. Reconhecidos mundialmente.<br><br>Uma \u00e1rea onde se privilegia passeios pedonais, de bicicleta, a cavalo.<\/p>\n<\/div>\n\n\n\n<div class=\"wp-block-column is-layout-flow wp-block-column-is-layout-flow\">\n<p>O Cegonha Country Club tem o seu glamour country, onde se respira bem, onde espa\u00e7os verdejantes acompanham todo o aldeamento, um lago, recantos de jardins para se ler um livro, conversar em familia, brincar com as crian\u00e7as, etc.<br><br>O Duo Spa foi concebido como um conceito de preven\u00e7\u00e3o, recupera\u00e7\u00e3o, Equil\u00edbrio e Harmonia do Bem-Estar e Sa\u00fade.<\/p>\n<\/div>\n<\/div>\n<\/div><\/div>\n\n\n\n<div class=\"wp-block-uagb-separator uagb-block-9f0f0ee1\"><div class=\"wp-block-uagb-separator__inner\" style=\"--my-background-image:\"><\/div><\/div>\n\n\n\n<div data-aos= \"fade-up\" data-aos-duration=\"400\" data-aos-delay=\"0\" data-aos-easing=\"ease\" data-aos-once=\"true\" class=\"wp-block-uagb-container uagb-block-c2152ffc alignfull uagb-is-root-container\"><div class=\"uagb-container-inner-blocks-wrap\"><style>.kadence-column757_eef07e-ae, .kt-inside-inner-col > .kadence-column757_eef07e-ae:not(.specificity){margin-top:var(--global-kb-spacing-md, 2rem);margin-bottom:var(--global-kb-spacing-md, 2rem);}.kadence-column757_eef07e-ae > .kt-inside-inner-col{padding-right:var(--global-kb-spacing-xxl, 5rem);padding-left:var(--global-kb-spacing-xxl, 5rem);}.kadence-column757_eef07e-ae > .kt-inside-inner-col,.kadence-column757_eef07e-ae > .kt-inside-inner-col:before{border-top-left-radius:0px;border-top-right-radius:0px;border-bottom-right-radius:0px;border-bottom-left-radius:0px;}.kadence-column757_eef07e-ae > .kt-inside-inner-col{flex-direction:column;display:flex;row-gap:42px;}.kadence-column757_eef07e-ae > .kt-inside-inner-col:before{opacity:0.3;}.kadence-column757_eef07e-ae, .kadence-column757_eef07e-ae h1, .kadence-column757_eef07e-ae h2, .kadence-column757_eef07e-ae h3, .kadence-column757_eef07e-ae h4, .kadence-column757_eef07e-ae h5, .kadence-column757_eef07e-ae h6{color:#ffffff;}.kadence-column757_eef07e-ae{position:relative;}<\/style>\n<div class=\"wp-block-kadence-column kadence-column757_eef07e-ae\"><div class=\"kt-inside-inner-col\">\n<h1 class=\"wp-block-heading has-text-align-center has-theme-palette-2-color has-text-color has-link-color wp-elements-fd3db8d4229b8e7500e32344cace742d\">Servi\u00e7os <\/h1>\n\n\n\n<div class=\"wp-block-columns is-layout-flex wp-container-core-columns-is-layout-9d6595d7 wp-block-columns-is-layout-flex\">\n<div class=\"wp-block-column has-theme-palette-4-color has-text-color has-link-color wp-elements-064fc07da5be32823fdf2d60aea6d5b1 is-layout-flow wp-block-column-is-layout-flow\"><style>.wp-block-kadence-advancedheading.kt-adv-heading757_370968-8e, .wp-block-kadence-advancedheading.kt-adv-heading757_370968-8e[data-kb-block=\"kb-adv-heading757_370968-8e\"]{font-style:normal;}.wp-block-kadence-advancedheading.kt-adv-heading757_370968-8e mark, .wp-block-kadence-advancedheading.kt-adv-heading757_370968-8e[data-kb-block=\"kb-adv-heading757_370968-8e\"] mark{font-style:normal;color:#f76a0c;padding-top:0px;padding-right:0px;padding-bottom:0px;padding-left:0px;}<\/style>\n<h3 class=\"kt-adv-heading757_370968-8e wp-block-kadence-advancedheading has-theme-palette-2-color has-text-color\" data-kb-block=\"kb-adv-heading757_370968-8e\">Spa<\/h3>\n\n\n\n<ul class=\"wp-block-list\">\n<li>2 salas de tratamento corpo e rosto<\/li>\n\n\n\n<li>1 C\u00fapula Iyashi D\u00f4me<\/li>\n\n\n\n<li>1 Flutu\u00e1rio com Sais de Epson<\/li>\n<\/ul>\n<\/div>\n\n\n\n<div class=\"wp-block-column has-theme-palette-4-color has-text-color has-link-color wp-elements-707ddf213526a755d39b2be372f7ffc5 is-layout-flow wp-block-column-is-layout-flow\"><style>.wp-block-kadence-advancedheading.kt-adv-heading757_8efbff-cb, .wp-block-kadence-advancedheading.kt-adv-heading757_8efbff-cb[data-kb-block=\"kb-adv-heading757_8efbff-cb\"]{font-style:normal;}.wp-block-kadence-advancedheading.kt-adv-heading757_8efbff-cb mark, .wp-block-kadence-advancedheading.kt-adv-heading757_8efbff-cb[data-kb-block=\"kb-adv-heading757_8efbff-cb\"] mark{font-style:normal;color:#f76a0c;padding-top:0px;padding-right:0px;padding-bottom:0px;padding-left:0px;}<\/style>\n<h3 class=\"kt-adv-heading757_8efbff-cb wp-block-kadence-advancedheading has-theme-palette-2-color has-text-color\" data-kb-block=\"kb-adv-heading757_8efbff-cb\">Spa Premium<\/h3>\n\n\n\n<ul class=\"wp-block-list\">\n<li>2 salas de massagens e terapias hol\u00edsticas<\/li>\n\n\n\n<li>1 sala dupla com vista para a deslumbrante piscina e p\u00f4r do sol<\/li>\n\n\n\n<li>1 \u00e1rea de relaxamento<\/li>\n<\/ul>\n<\/div>\n<\/div>\n\n\n\n<div class=\"wp-block-columns is-layout-flex wp-container-core-columns-is-layout-9d6595d7 wp-block-columns-is-layout-flex\">\n<div class=\"wp-block-column has-theme-palette-4-color has-text-color has-link-color wp-elements-093933216f2ed4bfd95331e987738d45 is-layout-flow wp-block-column-is-layout-flow\"><style>.wp-block-kadence-advancedheading.kt-adv-heading757_aac0cc-d7, .wp-block-kadence-advancedheading.kt-adv-heading757_aac0cc-d7[data-kb-block=\"kb-adv-heading757_aac0cc-d7\"]{font-style:normal;}.wp-block-kadence-advancedheading.kt-adv-heading757_aac0cc-d7 mark, .wp-block-kadence-advancedheading.kt-adv-heading757_aac0cc-d7[data-kb-block=\"kb-adv-heading757_aac0cc-d7\"] mark{font-style:normal;color:#f76a0c;padding-top:0px;padding-right:0px;padding-bottom:0px;padding-left:0px;}<\/style>\n<h3 class=\"kt-adv-heading757_aac0cc-d7 wp-block-kadence-advancedheading has-theme-palette-2-color has-text-color\" data-kb-block=\"kb-adv-heading757_aac0cc-d7\">Circuito Detox<\/h3>\n\n\n\n<ul class=\"wp-block-list\">\n<li>Balne\u00e1rio masculino e feminino<\/li>\n\n\n\n<li>Jatos sensoriais<\/li>\n\n\n\n<li>Parede de sal dos Himalaias com cromoterapia<\/li>\n\n\n\n<li>Fonte de gelo<\/li>\n\n\n\n<li>Banho turco aromatizado<\/li>\n\n\n\n<li>Sauna com infra-vermelhos<\/li>\n\n\n\n<li>\u00c1rea de relaxamento interior e exterior<\/li>\n\n\n\n<li>Piscina exterior aquecida com jatos<\/li>\n<\/ul>\n<\/div>\n\n\n\n<div class=\"wp-block-column has-theme-palette-4-color has-text-color has-link-color wp-elements-b305e6cf65f8ca48b6e75a47b1f516b3 is-layout-flow wp-block-column-is-layout-flow\"><style>.wp-block-kadence-advancedheading.kt-adv-heading757_09d904-84, .wp-block-kadence-advancedheading.kt-adv-heading757_09d904-84[data-kb-block=\"kb-adv-heading757_09d904-84\"]{font-style:normal;}.wp-block-kadence-advancedheading.kt-adv-heading757_09d904-84 mark, .wp-block-kadence-advancedheading.kt-adv-heading757_09d904-84[data-kb-block=\"kb-adv-heading757_09d904-84\"] mark{font-style:normal;color:#f76a0c;padding-top:0px;padding-right:0px;padding-bottom:0px;padding-left:0px;}<\/style>\n<h3 class=\"kt-adv-heading757_09d904-84 wp-block-kadence-advancedheading has-theme-palette-2-color has-text-color\" data-kb-block=\"kb-adv-heading757_09d904-84\">Fitness &amp; Wellness Center<\/h3>\n\n\n\n<ul class=\"wp-block-list\">\n<li>sala Multi aulas privadas e em grupo<\/li>\n\n\n\n<li>sala Eletroestimula\u00e7\u00e3o Muscular<\/li>\n\n\n\n<li>sala Hidroterapia<\/li>\n\n\n\n<li>Balne\u00e1rio feminino e masculino<\/li>\n\n\n\n<li>4 salas multifacetadas<\/li>\n\n\n\n<li>Estudio Fitness equipado com m\u00e1quinas Techonogym.<\/li>\n<\/ul>\n<\/div>\n<\/div>\n<\/div><\/div>\n<\/div><\/div>\n\n\n\n<div data-aos= \"fade-left\" data-aos-duration=\"400\" data-aos-delay=\"0\" data-aos-easing=\"ease\" data-aos-once=\"true\" class=\"wp-block-uagb-container uagb-block-4e3d98b5 alignfull uagb-is-root-container\"><div class=\"uagb-container-inner-blocks-wrap\">\n<div class=\"wp-block-uagb-container uagb-block-3f3e376a alignfull uagb-is-root-container\"><div class=\"uagb-container-inner-blocks-wrap\">\n<div class=\"wp-block-uagb-container uagb-block-f607e449 alignfull uagb-is-root-container\"><div class=\"uagb-container-inner-blocks-wrap\">\n<div class=\"wp-block-uagb-container uagb-block-7ea9970a\"><\/div>\n<\/div><\/div>\n<\/div><\/div>\n<\/div><\/div>\n\n\n\n<div data-aos= \"fade-up\" data-aos-duration=\"400\" data-aos-delay=\"0\" data-aos-easing=\"ease\" data-aos-once=\"true\" class=\"wp-block-uagb-container uagb-block-0864cba3 alignfull uagb-is-root-container\"><div class=\"uagb-container-inner-blocks-wrap\">\n<h1 class=\"wp-block-heading has-text-align-center has-theme-palette-2-color has-text-color has-link-color wp-elements-1184ccd40aa30604987f81bdc5968784\">Pacotes<\/h1>\n\n\n\n<div class=\"wp-block-uagb-container uagb-block-064b95f1 alignfull uagb-is-root-container\"><div class=\"uagb-container-inner-blocks-wrap\">\n<div class=\"wp-block-uagb-container uagb-block-e1913441 alignfull uagb-is-root-container\"><div class=\"uagb-container-inner-blocks-wrap\">\n<div class=\"wp-block-uagb-container uagb-block-0ee98de6\">\n<p><strong>O spa oferece uma vasta sele\u00e7\u00e3o de terapias, tratamentos de rosto e corpo, rituais hol\u00edsticos e massagens.<\/strong><\/p>\n\n\n\n<ul class=\"wp-block-list\">\n<li>Pacotes Pesonalizados de Desintoxica\u00e7\u00e3o<\/li>\n\n\n\n<li>Pacotes de Relaxamento<\/li>\n\n\n\n<li>Pacotes Mindfulness<\/li>\n\n\n\n<li>Pacotes de Recupera\u00e7\u00e3o F\u00edsica e mental<\/li>\n\n\n\n<li>Pacotes Experi\u00eancia em familia<\/li>\n\n\n\n<li>Pacotes Lifestyle, Fitness &amp; Wellness<\/li>\n<\/ul>\n<\/div>\n\n\n\n<div class=\"wp-block-uagb-container uagb-block-2c9f18fc\">\n<p class=\"has-text-align-center has-theme-palette-1-color has-text-color has-link-color has-medium-font-size wp-elements-34036e111ae8f1bb4d41af1dc89bcefe\"><strong>A nossa inspira\u00e7\u00e3o \u00e9 o cliente!<br>Personaliza\u00e7\u00e3o sempre e de acordo \u00e0 sua necessidade.<br>Recebemos com carinho!<\/strong><\/p>\n<\/div>\n<\/div><\/div>\n<\/div><\/div>\n<\/div><\/div>\n\n\n\n<div class=\"wp-block-uagb-separator uagb-block-4d3508b1\"><div class=\"wp-block-uagb-separator__inner\" style=\"--my-background-image:\"><\/div><\/div>\n\n\n\n<div class=\"wp-block-uagb-container uagb-block-54bd863a alignfull uagb-is-root-container\"><div class=\"uagb-container-inner-blocks-wrap\">\n<div class=\"wp-block-uagb-container uagb-block-c8266593\">\n<div class=\"wp-block-group wp-container-content-9cfa9a5a is-vertical is-layout-flex wp-container-core-group-is-layout-952eee58 wp-block-group-is-layout-flex\" style=\"padding-right:var(--wp--preset--spacing--80);padding-left:var(--wp--preset--spacing--80)\"><h1 class=\"has-link-color wp-elements-fd9ae1ce10ba23b77ec383efd2de3015 wp-block-site-title has-text-color has-theme-palette-2-color has-medium-font-size\"><a href=\"https:\/\/duospalifecare.com\" target=\"_self\" rel=\"home\">DuoSpa &amp; Life Care<\/a><\/h1>\n\n\n<p class=\"has-text-align-left\"><strong>Cegonha Country Club<\/strong><br>Estrada de Albufeira<br>8125-300 Quarteira<\/p>\n\n\n\n<p><strong>+351 964 040 985<\/strong><\/p>\n<\/div>\n<\/div>\n\n\n\n<div class=\"wp-block-uagb-container uagb-block-6354a697\"><style>.kb-google-maps-container757_f08f25-24{max-width:752px;height:234px;}<\/style><div class=\"kb-google-maps-container kb-google-maps-container757_f08f25-24  wp-block-kadence-googlemaps\" data-mapid=\"757_f08f25-24\"><iframe width=\"100%\" height=\"100%\"\n\t\t\t\t\t\t\tstyle=\"border:0\" loading=\"lazy\"\n\t\t\t\t\t\t\tsrc=\"https:\/\/www.google.com\/maps\/embed\/v1\/place?key=AIzaSyBAM2o7PiQqwk15LC1XRH2e_KJ-jUa7KYk&#038;zoom=15&#038;maptype=satellite&#038;q=Cegonha+Country+Club\"\n\t\t\t\t\t\t\ttitle=\"Google map of Cegonha Country Club\"><\/iframe><\/div><script>function kb_google_map757_f08f25_24() { let center = { lat: 37.8201, lng: -122.4781}; let map = new google.maps.Map(document.getElementById(\"kb-google-map757_f08f25-24\"), {\n\t\t\t\t\t    zoom: 15,\n\t\t\t\t\t    center: center,mapTypeId: \"satellite\",});let marker = new google.maps.Marker({   position: { lat: 37.8201, lng: -122.4781},    map: map,  });}<\/script><\/div>\n<\/div><\/div>\n","protected":false},"excerpt":{"rendered":"<p>Escape to Tranquility at Duo Spa &amp; Life Care Duo Spa &amp; Life Care, inserido no m\u00e1gico aldeamento de 4****o Cegonha Country Club. Localizado numa \u00e1rea tranquila e verde de Vilamoura, o Cegonha Country Club \u00e9 um hotel encantador com uma piscina exterior, bar e restaurante, parque infantil, campo de t\u00e9nis e spa. Fica situado&#8230;<\/p>\n","protected":false},"author":1,"featured_media":0,"parent":0,"menu_order":0,"comment_status":"closed","ping_status":"closed","template":"","meta":{"_uag_custom_page_level_css":"","_kad_post_transparent":"","_kad_post_title":"","_kad_post_layout":"","_kad_post_sidebar_id":"","_kad_post_content_style":"unboxed","_kad_post_vertical_padding":"","_kad_post_feature":"","_kad_post_feature_position":"","_kad_post_header":false,"_kad_post_footer":false,"footnotes":""},"class_list":["post-757","page","type-page","status-publish","hentry"],"uagb_featured_image_src":{"full":false,"thumbnail":false,"medium":false,"medium_large":false,"large":false,"1536x1536":false,"2048x2048":false},"uagb_author_info":{"display_name":"admin","author_link":"https:\/\/duospalifecare.com\/index.php\/author\/tpereira\/"},"uagb_comment_info":0,"uagb_excerpt":"Escape to Tranquility at Duo Spa &amp; Life Care Duo Spa &amp; Life Care, inserido no m\u00e1gico aldeamento de 4****o Cegonha Country Club. Localizado numa \u00e1rea tranquila e verde de Vilamoura, o Cegonha Country Club \u00e9 um hotel encantador com uma piscina exterior, bar e restaurante, parque infantil, campo de t\u00e9nis e spa. Fica situado...","_links":{"self":[{"href":"https:\/\/duospalifecare.com\/index.php\/wp-json\/wp\/v2\/pages\/757","targetHints":{"allow":["GET"]}}],"collection":[{"href":"https:\/\/duospalifecare.com\/index.php\/wp-json\/wp\/v2\/pages"}],"about":[{"href":"https:\/\/duospalifecare.com\/index.php\/wp-json\/wp\/v2\/types\/page"}],"author":[{"embeddable":true,"href":"https:\/\/duospalifecare.com\/index.php\/wp-json\/wp\/v2\/users\/1"}],"replies":[{"embeddable":true,"href":"https:\/\/duospalifecare.com\/index.php\/wp-json\/wp\/v2\/comments?post=757"}],"version-history":[{"count":57,"href":"https:\/\/duospalifecare.com\/index.php\/wp-json\/wp\/v2\/pages\/757\/revisions"}],"predecessor-version":[{"id":1898,"href":"https:\/\/duospalifecare.com\/index.php\/wp-json\/wp\/v2\/pages\/757\/revisions\/1898"}],"wp:attachment":[{"href":"https:\/\/duospalifecare.com\/index.php\/wp-json\/wp\/v2\/media?parent=757"}],"curies":[{"name":"wp","href":"https:\/\/api.w.org\/{rel}","templated":true}]}}